{"id":3193,"date":"2025-06-05T15:57:48","date_gmt":"2025-06-05T15:57:48","guid":{"rendered":"https:\/\/sommeliersrd.com\/?page_id=3193"},"modified":"2025-06-05T21:32:52","modified_gmt":"2025-06-05T21:32:52","slug":"politicas-de-privacidad","status":"publish","type":"page","link":"https:\/\/sommeliersrd.com\/en\/politicas-de-privacidad\/","title":{"rendered":"Privacy Policies"},"content":{"rendered":"<div data-elementor-type=\"wp-page\" data-elementor-id=\"3193\" class=\"elementor elementor-3193\" data-elementor-post-type=\"page\">\n\t\t\t\t<div class=\"elementor-element elementor-element-2a99010 e-con-full e-flex wpr-particle-no wpr-jarallax-no wpr-parallax-no wpr-sticky-section-no e-con e-parent\" data-id=\"2a99010\" data-element_type=\"container\" data-settings=\"{&quot;background_background&quot;:&quot;classic&quot;}\">\n\t\t\t\t<div class=\"elementor-element elementor-element-7031d44 elementor-invisible elementor-widget elementor-widget-heading\" data-id=\"7031d44\" data-element_type=\"widget\" data-settings=\"{&quot;_animation&quot;:&quot;fadeInUp&quot;}\" data-widget_type=\"heading.default\">\n\t\t\t\t<div class=\"elementor-widget-container\">\n\t\t\t\t\t<h2 class=\"elementor-heading-title elementor-size-default\">Privacy Policies<\/h2>\t\t\t\t<\/div>\n\t\t\t\t<\/div>\n\t\t\t\t<div class=\"elementor-element elementor-element-ad14be4 elementor-widget elementor-widget-text-editor\" data-id=\"ad14be4\" data-element_type=\"widget\" data-widget_type=\"text-editor.default\">\n\t\t\t\t<div class=\"elementor-widget-container\">\n\t\t\t\t\t\t\t\t\t<p><a href=\"https:\/\/sommeliersrd.com\/en\/\">Home<\/a> - Privacy<\/p>\t\t\t\t\t\t\t\t<\/div>\n\t\t\t\t<\/div>\n\t\t\t\t<\/div>\n\t\t\t\t<section class=\"elementor-section elementor-top-section elementor-element elementor-element-396c5894 elementor-section-boxed elementor-section-height-default elementor-section-height-default wpr-particle-no wpr-jarallax-no wpr-parallax-no wpr-sticky-section-no elementor-invisible\" data-id=\"396c5894\" data-element_type=\"section\" data-settings=\"{&quot;animation&quot;:&quot;fadeIn&quot;}\">\n\t\t\t\t\t\t<div class=\"elementor-container elementor-column-gap-default\">\n\t\t\t\t\t<div class=\"elementor-column elementor-col-100 elementor-top-column elementor-element elementor-element-62b96b63\" data-id=\"62b96b63\" data-element_type=\"column\">\n\t\t\t<div class=\"elementor-widget-wrap elementor-element-populated\">\n\t\t\t\t\t\t<div class=\"elementor-element elementor-element-503957a5 elementor-widget elementor-widget-text-editor\" data-id=\"503957a5\" data-element_type=\"widget\" data-widget_type=\"text-editor.default\">\n\t\t\t\t<div class=\"elementor-widget-container\">\n\t\t\t\t\t\t\t\t\t<p data-start=\"322\" data-end=\"575\">The Dominican Sommelier Association (ADS) is committed to protecting the privacy of its members, collaborators, and website visitors. Below, we detail how we collect, use, store, and protect your personal information.<\/p>\t\t\t\t\t\t\t\t<\/div>\n\t\t\t\t<\/div>\n\t\t\t\t<div class=\"elementor-element elementor-element-a77f036 elementor-widget elementor-widget-text-editor\" data-id=\"a77f036\" data-element_type=\"widget\" data-widget_type=\"text-editor.default\">\n\t\t\t\t<div class=\"elementor-widget-container\">\n\t\t\t\t\t\t\t\t\t<h3 data-start=\"577\" data-end=\"611\"><strong>1. Information We Collect<\/strong><\/h3>\t\t\t\t\t\t\t\t<\/div>\n\t\t\t\t<\/div>\n\t\t\t\t<div class=\"elementor-element elementor-element-bae44ee elementor-widget elementor-widget-text-editor\" data-id=\"bae44ee\" data-element_type=\"widget\" data-widget_type=\"text-editor.default\">\n\t\t\t\t<div class=\"elementor-widget-container\">\n\t\t\t\t\t\t\t\t\t<p data-start=\"613\" data-end=\"657\">We may collect personal information such as:<\/p>\t\t\t\t\t\t\t\t<\/div>\n\t\t\t\t<\/div>\n\t\t\t\t<div class=\"elementor-element elementor-element-8468b33 elementor-widget elementor-widget-text-editor\" data-id=\"8468b33\" data-element_type=\"widget\" data-widget_type=\"text-editor.default\">\n\t\t\t\t<div class=\"elementor-widget-container\">\n\t\t\t\t\t\t\t\t\t<ul data-start=\"658\" data-end=\"838\"><li data-start=\"658\" data-end=\"677\"><p data-start=\"660\" data-end=\"677\">Full name<\/p><\/li><li data-start=\"678\" data-end=\"700\"><p data-start=\"680\" data-end=\"700\">Email<\/p><\/li><li data-start=\"701\" data-end=\"723\"><p data-start=\"703\" data-end=\"723\">Phone number<\/p><\/li><li data-start=\"724\" data-end=\"737\"><p data-start=\"726\" data-end=\"737\">Occupation<\/p><\/li><li data-start=\"738\" data-end=\"762\"><p data-start=\"740\" data-end=\"762\">Address (optional)<\/p><\/li><li data-start=\"763\" data-end=\"838\"><p data-start=\"765\" data-end=\"838\">CV or professional information (optional, in case of membership applications)<\/p><\/li><\/ul>\t\t\t\t\t\t\t\t<\/div>\n\t\t\t\t<\/div>\n\t\t\t\t<div class=\"elementor-element elementor-element-b96d933 elementor-widget elementor-widget-text-editor\" data-id=\"b96d933\" data-element_type=\"widget\" data-widget_type=\"text-editor.default\">\n\t\t\t\t<div class=\"elementor-widget-container\">\n\t\t\t\t\t\t\t\t\t<p data-start=\"840\" data-end=\"996\">This information is collected through contact forms, event registrations, membership applications, or newsletter subscriptions.<\/p>\t\t\t\t\t\t\t\t<\/div>\n\t\t\t\t<\/div>\n\t\t\t\t<div class=\"elementor-element elementor-element-6598bb3 elementor-widget elementor-widget-text-editor\" data-id=\"6598bb3\" data-element_type=\"widget\" data-widget_type=\"text-editor.default\">\n\t\t\t\t<div class=\"elementor-widget-container\">\n\t\t\t\t\t\t\t\t\t<h3 data-start=\"998\" data-end=\"1026\"><strong>2. Use of Information<\/strong><\/h3>\t\t\t\t\t\t\t\t<\/div>\n\t\t\t\t<\/div>\n\t\t\t\t<div class=\"elementor-element elementor-element-6f3cdb0 elementor-widget elementor-widget-text-editor\" data-id=\"6f3cdb0\" data-element_type=\"widget\" data-widget_type=\"text-editor.default\">\n\t\t\t\t<div class=\"elementor-widget-container\">\n\t\t\t\t\t\t\t\t\t<p data-start=\"1028\" data-end=\"1054\">We use your data to:<\/p>\t\t\t\t\t\t\t\t<\/div>\n\t\t\t\t<\/div>\n\t\t\t\t<div class=\"elementor-element elementor-element-fcf0753 elementor-widget elementor-widget-text-editor\" data-id=\"fcf0753\" data-element_type=\"widget\" data-widget_type=\"text-editor.default\">\n\t\t\t\t<div class=\"elementor-widget-container\">\n\t\t\t\t\t\t\t\t\t<ul data-start=\"1055\" data-end=\"1293\"><li data-start=\"1055\" data-end=\"1095\"><p data-start=\"1057\" data-end=\"1095\">Manage applications and affiliations<\/p><\/li><li data-start=\"1096\" data-end=\"1144\"><p data-start=\"1098\" data-end=\"1144\">Send news, updates and newsletters<\/p><\/li><li data-start=\"1145\" data-end=\"1195\"><p data-start=\"1147\" data-end=\"1195\">Organize contests, tastings, workshops and events<\/p><\/li><li data-start=\"1196\" data-end=\"1243\"><p data-start=\"1198\" data-end=\"1243\">Improve our services and communications<\/p><\/li><li data-start=\"1244\" data-end=\"1293\"><p data-start=\"1246\" data-end=\"1293\">Comply with legal or statutory obligations<\/p><\/li><\/ul>\t\t\t\t\t\t\t\t<\/div>\n\t\t\t\t<\/div>\n\t\t\t\t<div class=\"elementor-element elementor-element-aba4830 elementor-widget elementor-widget-text-editor\" data-id=\"aba4830\" data-element_type=\"widget\" data-widget_type=\"text-editor.default\">\n\t\t\t\t<div class=\"elementor-widget-container\">\n\t\t\t\t\t\t\t\t\t<h3 data-start=\"1295\" data-end=\"1321\"><strong>3. Data Protection<\/strong><\/h3>\t\t\t\t\t\t\t\t<\/div>\n\t\t\t\t<\/div>\n\t\t\t\t<div class=\"elementor-element elementor-element-41dab7e elementor-widget elementor-widget-text-editor\" data-id=\"41dab7e\" data-element_type=\"widget\" data-widget_type=\"text-editor.default\">\n\t\t\t\t<div class=\"elementor-widget-container\">\n\t\t\t\t\t\t\t\t\t<p data-start=\"1323\" data-end=\"1524\">We implement technical and administrative security measures to protect your information from unauthorized access, alteration, or disclosure. Only authorized personnel have access to your data.<\/p>\t\t\t\t\t\t\t\t<\/div>\n\t\t\t\t<\/div>\n\t\t\t\t<div class=\"elementor-element elementor-element-7db8b0e elementor-widget elementor-widget-text-editor\" data-id=\"7db8b0e\" data-element_type=\"widget\" data-widget_type=\"text-editor.default\">\n\t\t\t\t<div class=\"elementor-widget-container\">\n\t\t\t\t\t\t\t\t\t<h3 data-start=\"1526\" data-end=\"1554\"><strong>4. Share Information<\/strong><\/h3>\t\t\t\t\t\t\t\t<\/div>\n\t\t\t\t<\/div>\n\t\t\t\t<div class=\"elementor-element elementor-element-457cd27 elementor-widget elementor-widget-text-editor\" data-id=\"457cd27\" data-element_type=\"widget\" data-widget_type=\"text-editor.default\">\n\t\t\t\t<div class=\"elementor-widget-container\">\n\t\t\t\t\t\t\t\t\t<p data-start=\"1556\" data-end=\"1625\">We do not share your data with third parties, except in the following cases:<\/p>\t\t\t\t\t\t\t\t<\/div>\n\t\t\t\t<\/div>\n\t\t\t\t<div class=\"elementor-element elementor-element-3dfdfb1 elementor-widget elementor-widget-text-editor\" data-id=\"3dfdfb1\" data-element_type=\"widget\" data-widget_type=\"text-editor.default\">\n\t\t\t\t<div class=\"elementor-widget-container\">\n\t\t\t\t\t\t\t\t\t<ul data-start=\"1626\" data-end=\"1791\"><li data-start=\"1626\" data-end=\"1738\"><p data-start=\"1628\" data-end=\"1738\">With educational entities or allied wineries for academic or promotional purposes (with prior consent)<\/p><\/li><li data-start=\"1739\" data-end=\"1791\"><p data-start=\"1741\" data-end=\"1791\">By legal requirement of competent authorities<\/p><\/li><\/ul>\t\t\t\t\t\t\t\t<\/div>\n\t\t\t\t<\/div>\n\t\t\t\t<div class=\"elementor-element elementor-element-2c7d892 elementor-widget elementor-widget-text-editor\" data-id=\"2c7d892\" data-element_type=\"widget\" data-widget_type=\"text-editor.default\">\n\t\t\t\t<div class=\"elementor-widget-container\">\n\t\t\t\t\t\t\t\t\t<h3 data-start=\"1793\" data-end=\"1820\"><strong>5. User Rights<\/strong><\/h3>\t\t\t\t\t\t\t\t<\/div>\n\t\t\t\t<\/div>\n\t\t\t\t<div class=\"elementor-element elementor-element-8d47914 elementor-widget elementor-widget-text-editor\" data-id=\"8d47914\" data-element_type=\"widget\" data-widget_type=\"text-editor.default\">\n\t\t\t\t<div class=\"elementor-widget-container\">\n\t\t\t\t\t\t\t\t\t<p data-start=\"1822\" data-end=\"1860\">You can request at any time:<\/p>\t\t\t\t\t\t\t\t<\/div>\n\t\t\t\t<\/div>\n\t\t\t\t<div class=\"elementor-element elementor-element-2b4dbb7 elementor-widget elementor-widget-text-editor\" data-id=\"2b4dbb7\" data-element_type=\"widget\" data-widget_type=\"text-editor.default\">\n\t\t\t\t<div class=\"elementor-widget-container\">\n\t\t\t\t\t\t\t\t\t<ul data-start=\"1861\" data-end=\"1994\"><li data-start=\"1861\" data-end=\"1892\"><p data-start=\"1863\" data-end=\"1892\">Access to your personal data<\/p><\/li><li data-start=\"1893\" data-end=\"1939\"><p data-start=\"1895\" data-end=\"1939\">Modifying or deleting your information<\/p><\/li><li data-start=\"1940\" data-end=\"1994\"><p data-start=\"1942\" data-end=\"1994\">Withdrawal of consent to receive communications<\/p><\/li><\/ul>\t\t\t\t\t\t\t\t<\/div>\n\t\t\t\t<\/div>\n\t\t\t\t<div class=\"elementor-element elementor-element-30d14d7 elementor-widget elementor-widget-text-editor\" data-id=\"30d14d7\" data-element_type=\"widget\" data-widget_type=\"text-editor.default\">\n\t\t\t\t<div class=\"elementor-widget-container\">\n\t\t\t\t\t\t\t\t\t<p data-start=\"1942\" data-end=\"1994\"><span style=\"font-size: 16px;\">To exercise these rights, please write to us at: info@sommeliersrd.com.<\/span><\/p>\t\t\t\t\t\t\t\t<\/div>\n\t\t\t\t<\/div>\n\t\t\t\t\t<\/div>\n\t\t<\/div>\n\t\t\t\t\t<\/div>\n\t\t<\/section>\n\t\t\t\t<\/div>","protected":false},"excerpt":{"rendered":"<p>Privacy Policies Home \u2013 Privacy The Dominican Association of Sommeliers (ADS) is committed to protecting the privacy of its members, collaborators, and visitors to this website. Below, we detail how we collect, use, store, and protect your personal information. 1. Information We Collect We may collect personal information such as: Full name Email Telephone number Occupation Address (optional) CV or professional details (optional, in the case of membership applications) This information is collected through contact forms, event registrations, membership applications, or newsletter subscriptions. 2. Use of Information We use your data to: Manage applications and memberships Send news, updates, and newsletters Organize competitions, tastings, workshops, and events Improve our services and communications Comply with legal or statutory obligations 3. Data Protection We implement technical and administrative security measures to protect your information against unauthorized access, alteration, or disclosure. Only authorized personnel have access to your data. 4. Sharing Information We do not share your data with third parties, except in the following cases: With educational entities or allied wineries for academic or promotional purposes (with prior consent) By legal requirement of competent authorities 5. User Rights You can request at any time: Access to your personal data Modification or deletion of your information Withdrawal of consent to receive communications To exercise these rights, write to us at: info@sommeliersrd.com.<\/p>","protected":false},"author":1,"featured_media":0,"parent":0,"menu_order":0,"comment_status":"closed","ping_status":"closed","template":"","meta":{"_uag_custom_page_level_css":"","site-sidebar-layout":"no-sidebar","site-content-layout":"page-builder","ast-site-content-layout":"full-width-container","site-content-style":"default","site-sidebar-style":"default","ast-global-header-display":"","ast-banner-title-visibility":"","ast-main-header-display":"","ast-hfb-above-header-display":"","ast-hfb-below-header-display":"","ast-hfb-mobile-header-display":"","site-post-title":"disabled","ast-breadcrumbs-content":"","ast-featured-img":"disabled","footer-sml-layout":"","theme-transparent-header-meta":"","adv-header-id-meta":"","stick-header-meta":"","header-above-stick-meta":"","header-main-stick-meta":"","header-below-stick-meta":"","astra-migrate-meta-layouts":"set","ast-page-background-enabled":"default","ast-page-background-meta":{"desktop":{"background-color":"var(--ast-global-color-4)","background-image":"","background-repeat":"repeat","background-position":"center center","background-size":"auto","background-attachment":"scroll","background-type":"","background-media":"","overlay-type":"","overlay-color":"","overlay-opacity":"","overlay-gradient":""},"tablet":{"background-color":"","background-image":"","background-repeat":"repeat","background-position":"center center","background-size":"auto","background-attachment":"scroll","background-type":"","background-media":"","overlay-type":"","overlay-color":"","overlay-opacity":"","overlay-gradient":""},"mobile":{"background-color":"","background-image":"","background-repeat":"repeat","background-position":"center center","background-size":"auto","background-attachment":"scroll","background-type":"","background-media":"","overlay-type":"","overlay-color":"","overlay-opacity":"","overlay-gradient":""}},"ast-content-background-meta":{"desktop":{"background-color":"var(--ast-global-color-5)","background-image":"","background-repeat":"repeat","background-position":"center center","background-size":"auto","background-attachment":"scroll","background-type":"","background-media":"","overlay-type":"","overlay-color":"","overlay-opacity":"","overlay-gradient":""},"tablet":{"background-color":"var(--ast-global-color-5)","background-image":"","background-repeat":"repeat","background-position":"center center","background-size":"auto","background-attachment":"scroll","background-type":"","background-media":"","overlay-type":"","overlay-color":"","overlay-opacity":"","overlay-gradient":""},"mobile":{"background-color":"var(--ast-global-color-5)","background-image":"","background-repeat":"repeat","background-position":"center center","background-size":"auto","background-attachment":"scroll","background-type":"","background-media":"","overlay-type":"","overlay-color":"","overlay-opacity":"","overlay-gradient":""}},"footnotes":""},"class_list":["post-3193","page","type-page","status-publish","hentry"],"uagb_featured_image_src":{"full":false,"thumbnail":false,"medium":false,"medium_large":false,"large":false,"1536x1536":false,"2048x2048":false,"trp-custom-language-flag":false,"bdpp-medium":false},"uagb_author_info":{"display_name":"SommeliersRD","author_link":"https:\/\/sommeliersrd.com\/en\/author\/solucionesinabagmail-com\/"},"uagb_comment_info":0,"uagb_excerpt":"Pol\u00edticas De Privacidad Inicio &#8211; Privacidad La Asociaci\u00f3n Dominicana de Sommeliers (ADS) se compromete a proteger la privacidad de sus miembros, colaboradores y visitantes de este sitio web. A continuaci\u00f3n, detallamos c\u00f3mo recopilamos, utilizamos, almacenamos y protegemos tu informaci\u00f3n personal. 1. Informaci\u00f3n que Recopilamos Podemos recopilar informaci\u00f3n personal como: Nombre completo Correo electr\u00f3nico N\u00famero de&hellip;","_links":{"self":[{"href":"https:\/\/sommeliersrd.com\/en\/wp-json\/wp\/v2\/pages\/3193","targetHints":{"allow":["GET"]}}],"collection":[{"href":"https:\/\/sommeliersrd.com\/en\/wp-json\/wp\/v2\/pages"}],"about":[{"href":"https:\/\/sommeliersrd.com\/en\/wp-json\/wp\/v2\/types\/page"}],"author":[{"embeddable":true,"href":"https:\/\/sommeliersrd.com\/en\/wp-json\/wp\/v2\/users\/1"}],"replies":[{"embeddable":true,"href":"https:\/\/sommeliersrd.com\/en\/wp-json\/wp\/v2\/comments?post=3193"}],"version-history":[{"count":28,"href":"https:\/\/sommeliersrd.com\/en\/wp-json\/wp\/v2\/pages\/3193\/revisions"}],"predecessor-version":[{"id":3602,"href":"https:\/\/sommeliersrd.com\/en\/wp-json\/wp\/v2\/pages\/3193\/revisions\/3602"}],"wp:attachment":[{"href":"https:\/\/sommeliersrd.com\/en\/wp-json\/wp\/v2\/media?parent=3193"}],"curies":[{"name":"wp","href":"https:\/\/api.w.org\/{rel}","templated":true}]}}